{"id":11,"date":"2015-08-30T19:47:49","date_gmt":"2015-08-30T19:47:49","guid":{"rendered":"http:\/\/vaajakoskentera.com\/www-2\/?page_id=11"},"modified":"2016-12-16T23:37:57","modified_gmt":"2016-12-16T20:37:57","slug":"kurkotulokset-ja-kartat","status":"publish","type":"page","link":"https:\/\/vaajakoskentera.com\/kurkocup16\/kurkotulokset-ja-kartat\/","title":{"rendered":"Kurkotulokset ja kartat"},"content":{"rendered":"<p>&nbsp;<\/p>\n<p style=\"font-family: courier;text-align: left\">1. Nakertaja-Kurko: <a href=\"http:\/\/www.vaajakoskentera.com\/kurkotuloksia\/2016\/20160929_valiajat_rev1.html\" target=\"_blank\">V\u00e4liajat<\/a>\/<a href=\"http:\/\/www.vaajakoskentera.com\/kurkotuloksia\/2016\/20160929_tulokset_rev2.html\" target=\"_blank\">Tulokset<\/a>, Kartat: <a href=\"http:\/\/www.vaajakoskentera.com\/kurkotuloksia\/2016\/20160929_Nakertaja_Kurko.pdf\" target=\"_blank\">K<\/a>, <a href=\"http:\/\/www.vaajakoskentera.com\/kurkotuloksia\/2016\/20160929_Nakertaja_Gubbe.pdf\" target=\"_blank\">G<\/a>, <a href=\"http:\/\/www.vaajakoskentera.com\/kurkotuloksia\/2016\/20160929_Nakertaja_Superit.pdf\" target=\"_blank\">S<\/a>, <a href=\"http:\/\/www.vaajakoskentera.com\/kurkotuloksia\/2016\/20160929_Nakertaja_Helppo.pdf\" target=\"_blank\">H<\/a><br \/>\n2. Er\u00e4-Kurko: <a href=\"http:\/\/www.vaajakoskentera.com\/kurkotuloksia\/2016\/20161006_tulokset_rev1.html\" target=\"_blank\">Tulokset<\/a>, <a href=\"http:\/\/www.vaajakoskentera.com\/kurkotuloksia\/2016\/20161006_valiajat_rev1.html\" target=\"_blank\">V\u00e4liajat<\/a>, Kartat: <a href=\"http:\/\/vaajakoskentera.com\/kurkocup16\/wp-content\/uploads\/sites\/12\/2016\/10\/20161006_Kurko.jpg\" target=\"_blank\">K<\/a>, <a href=\"http:\/\/vaajakoskentera.com\/kurkocup16\/wp-content\/uploads\/sites\/12\/2016\/10\/20161006_Guppe.jpg\" target=\"_blank\">G<\/a>, <a href=\"http:\/\/vaajakoskentera.com\/kurkocup16\/wp-content\/uploads\/sites\/12\/2016\/10\/20161006_Superit.jpg\" target=\"_blank\">S<\/a>, <a href=\"http:\/\/vaajakoskentera.com\/kurkocup16\/wp-content\/uploads\/sites\/12\/2016\/10\/20161006_Helppo.jpg\" target=\"_blank\">H<\/a><br \/>\n3. Hein\u00e4-Kurko: <a href=\"http:\/\/www.vaajakoskentera.com\/kurkotuloksia\/2016\/20161013_tulokset.html\" target=\"_blank\">Tulokset<\/a>, <a href=\"http:\/\/www.vaajakoskentera.com\/kurkotuloksia\/2016\/20161013_valiajat.html\" target=\"_blank\">V\u00e4liajat<\/a>, Kartat: <a href=\"http:\/\/www.vaajakoskentera.com\/kurkotuloksia\/2016\/20161013_Kurko.pdf\" target=\"_blank\">K<\/a>, <a href=\"http:\/\/www.vaajakoskentera.com\/kurkotuloksia\/2016\/20161013_Gubbe.pdf\" target=\"_blank\">G<\/a>, <a href=\"http:\/\/www.vaajakoskentera.com\/kurkotuloksia\/2016\/20161013_Superit.pdf\" target=\"_blank\">S<\/a>, <a href=\"http:\/\/www.vaajakoskentera.com\/kurkotuloksia\/2016\/20161013_Helppo.pdf\" target=\"_blank\">H<\/a><br \/>\n4. Rela-Kurko: <a href=\"http:\/\/www.vaajakoskentera.com\/kurkotuloksia\/2016\/20161020relakurko_20102016_tulokset.html\" target=\"_blank\">Tulokset<\/a>, <a href=\"http:\/\/www.vaajakoskentera.com\/kurkotuloksia\/2016\/20161020relakurko_20102016_valiajat.html\" target=\"_blank\">V\u00e4liajat<\/a>, Kartat: <a href=\"http:\/\/www.vaajakoskentera.com\/kurkotuloksia\/2016\/20161020kurko_c.pdf\" target=\"_blank\">K<\/a>, <a href=\"http:\/\/www.vaajakoskentera.com\/kurkotuloksia\/2016\/20161020gubbe_b.pdf\" target=\"_blank\">G<\/a>, <a href=\"http:\/\/www.vaajakoskentera.com\/kurkotuloksia\/2016\/20161020super_d.pdf\" target=\"_blank\">S<\/a>, <a href=\"http:\/\/www.vaajakoskentera.com\/kurkotuloksia\/2016\/20161020helppo.pdf\" target=\"_blank\">H<\/a><br \/>\n5. Ty\u00f6v\u00e4en tanssi-Kurko: <a href=\"http:\/\/www.vaajakoskentera.com\/kurkotuloksia\/2016\/20161027_tulokset_rev1.html\" target=\"_blank\">Tulokset<\/a>, <a href=\"http:\/\/www.vaajakoskentera.com\/kurkotuloksia\/2016\/20161027_valiajat.html\" target=\"_blank\">V\u00e4liajat<\/a>, Kartat: <a href=\"http:\/\/www.vaajakoskentera.com\/kurkotuloksia\/2016\/20161027_Kurko.pdf\" target=\"_blank\">K<\/a>, <a href=\"http:\/\/www.vaajakoskentera.com\/kurkotuloksia\/2016\/20161027_Gubbe.pdf\" target=\"_blank\">G<\/a>, <a href=\"http:\/\/www.vaajakoskentera.com\/kurkotuloksia\/2016\/20161027_Superit.pdf\" target=\"_blank\">S<\/a>, <a href=\"http:\/\/www.vaajakoskentera.com\/kurkotuloksia\/2016\/20161027_Helppo.pdf\" target=\"_blank\">H<\/a><br \/>\n6. Himmeli-Kurko: <a href=\"http:\/\/www.vaajakoskentera.com\/kurkotuloksia\/2016\/20161103_tulokset.html\" target=\"_blank\">Tulokset<\/a>, <a href=\"http:\/\/www.vaajakoskentera.com\/kurkotuloksia\/2016\/20161103_valiajat.html\" target=\"_blank\">V\u00e4liajat<\/a>, Kartat: <a href=\"http:\/\/www.vaajakoskentera.com\/kurkotuloksia\/2016\/20161103_Kurko.pdf\" target=\"_blank\">K<\/a>, <a href=\"http:\/\/www.vaajakoskentera.com\/kurkotuloksia\/2016\/20161103_Gubbe.pdf\" target=\"_blank\">G<\/a>, <a href=\"http:\/\/www.vaajakoskentera.com\/kurkotuloksia\/2016\/20161103_Superit.pdf\" target=\"_blank\">S<\/a>, <a href=\"http:\/\/www.vaajakoskentera.com\/kurkotuloksia\/2016\/20161103_Helppo.pdf\" target=\"_blank\">H<\/a><br \/>\n7. HALU-Kurko: <a href=\"http:\/\/www.vaajakoskentera.com\/kurkotuloksia\/2016\/HALU_tulokset.html\" target=\"_blank\">Tulokset<\/a>, <a href=\"http:\/\/www.vaajakoskentera.com\/kurkotuloksia\/2016\/HALU_valiajat.html\" target=\"_blank\">V\u00e4liajat<\/a>, Kartat: <a href=\"http:\/\/www.vaajakoskentera.com\/kurkotuloksia\/2016\/20161110_Kurko.pdf\" target=\"_blank\">K<\/a>, <a href=\"http:\/\/www.vaajakoskentera.com\/kurkotuloksia\/2016\/20161110_Gubbe.pdf\" target=\"_blank\">G<\/a>, <a href=\"http:\/\/www.vaajakoskentera.com\/kurkotuloksia\/2016\/20161110_Superit.pdf\" target=\"_blank\">S<\/a>, <a href=\"http:\/\/www.vaajakoskentera.com\/kurkotuloksia\/2016\/20161110_Helppo.pdf\" target=\"_blank\">H<\/a><br \/>\n8. Riutta-Kurko: <a href=\"http:\/\/www.vaajakoskentera.com\/kurkotuloksia\/2016\/20161116_tulokset.html\" target=\"_blank\">Tulokset<\/a>, <a href=\"http:\/\/www.vaajakoskentera.com\/kurkotuloksia\/2016\/20161116_valiajat.html\" target=\"_blank\">V\u00e4liajat<\/a>, Kartat: <a href=\"http:\/\/www.vaajakoskentera.com\/kurkotuloksia\/2016\/20161116_Kurko.pdf\" target=\"_blank\">K<\/a>, <a href=\"http:\/\/www.vaajakoskentera.com\/kurkotuloksia\/2016\/20161116_Gubbe.pdf\" target=\"_blank\">G<\/a>, <a href=\"http:\/\/www.vaajakoskentera.com\/kurkotuloksia\/2016\/20161116_Superit.pdf\" target=\"_blank\">S<\/a>, <a href=\"http:\/\/www.vaajakoskentera.com\/kurkotuloksia\/2016\/20161116_Helppo.pdf\" target=\"_blank\">H<\/a><br \/>\n9. ViPattaako-Kurko: <a href=\"http:\/\/www.vaajakoskentera.com\/kurkotuloksia\/2016\/20161124_tulokset.html\" target=\"_blank\">Tulokset<\/a>, <a href=\"http:\/\/www.vaajakoskentera.com\/kurkotuloksia\/2016\/20161124_valiajat.html\" target=\"_blank\">V\u00e4liajat<\/a>, Kartat: <a href=\"http:\/\/www.vaajakoskentera.com\/kurkotuloksia\/2016\/20161124_Kurko.pdf\" target=\"_blank\">K<\/a>, <a href=\"http:\/\/www.vaajakoskentera.com\/kurkotuloksia\/2016\/20161124_Gubbe.pdf\" target=\"_blank\">G<\/a>, <a href=\"http:\/\/www.vaajakoskentera.com\/kurkotuloksia\/2016\/20161124_Superit.pdf\" target=\"_blank\">S<\/a>, <a href=\"http:\/\/www.vaajakoskentera.com\/kurkotuloksia\/2016\/20161124_Helppo.pdf\" target=\"_blank\">H<\/a><br \/>\n10. AIDS-Kurko: <a href=\"http:\/\/www.vaajakoskentera.com\/kurkotuloksia\/2016\/20161201_t.html\" target=\"_blank\">Tulokset<\/a> ja <a href=\"http:\/\/www.vaajakoskentera.com\/kurkotuloksia\/2016\/20161201_v.html\" target=\"_blank\">V\u00e4liajat<\/a>, Kartat: <a href=\"http:\/\/www.vaajakoskentera.com\/kurkotuloksia\/2016\/20161201_K-hajonnat.gif\" target=\"_blank\">K<\/a>, <a href=\"http:\/\/www.vaajakoskentera.com\/kurkotuloksia\/2016\/20161201_G-hajonnat.gif\" target=\"_blank\">G<\/a>, <a href=\"http:\/\/www.vaajakoskentera.com\/kurkotuloksia\/2016\/20161201_SG-hajonnat.gif\" target=\"_blank\">S<\/a>, <a href=\"http:\/\/www.vaajakoskentera.com\/kurkotuloksia\/2016\/20161201_HE.pdf\" target=\"_blank\">H<\/a><br \/>\n11. Selk\u00e4-Kurko: <a href=\"http:\/\/www.vaajakoskentera.com\/kurkotuloksia\/2016\/20161208_tulokset.html\" target=\"_blank\">Tulokset<\/a>, <a href=\"http:\/\/www.vaajakoskentera.com\/kurkotuloksia\/2016\/20161208_valiajat.html\" target=\"_blank\">V\u00e4liajat<\/a>, Kartat: <a href=\"http:\/\/www.vaajakoskentera.com\/kurkotuloksia\/2016\/20161208_Kurko.pdf\" target=\"_blank\">K<\/a>, <a href=\"http:\/\/www.vaajakoskentera.com\/kurkotuloksia\/2016\/20161208_Gubbe.pdf\" target=\"_blank\">G<\/a>, <a href=\"http:\/\/www.vaajakoskentera.com\/kurkotuloksia\/2016\/20161208_Superit.pdf\" target=\"_blank\">S<\/a>, <a href=\"http:\/\/www.vaajakoskentera.com\/kurkotuloksia\/2016\/20161208_Helppo.pdf\" target=\"_blank\">H<\/a><br \/>\n12. Tappi-Kurko: <a href=\"http:\/\/www.vaajakoskentera.com\/kurkotuloksia\/2016\/20161215_tulokset.html\" target=\"_blank\">Tulokset<\/a>, <a href=\"http:\/\/www.vaajakoskentera.com\/kurkotuloksia\/2016\/20161215_valiajat.html\" target=\"_blank\">V\u00e4liajat<\/a>, Kartat: <a href=\"http:\/\/www.vaajakoskentera.com\/kurkotuloksia\/2016\/20161215_Kurko.pdf\" target=\"_blank\">K<\/a>, <a href=\"http:\/\/www.vaajakoskentera.com\/kurkotuloksia\/2016\/20161215_Gubbe.pdf\" target=\"_blank\">G<\/a>, <a href=\"http:\/\/www.vaajakoskentera.com\/kurkotuloksia\/2016\/20161215_Superit.pdf\" target=\"_blank\">S<\/a>, <a href=\"http:\/\/www.vaajakoskentera.com\/kurkotuloksia\/2016\/20161215_Helppo.pdf\" target=\"_blank\">H<\/a><\/p>\n","protected":false},"excerpt":{"rendered":"<p>&nbsp; 1. Nakertaja-Kurko: V\u00e4liajat\/Tulokset, Kartat: K, G, S, H 2. Er\u00e4-Kurko: Tulokset, V\u00e4liajat, Kartat: K, G, S, H 3. Hein\u00e4-Kurko: Tulokset, V\u00e4liajat, Kartat: K, G, S, H 4. Rela-Kurko: Tulokset, V\u00e4liajat, Kartat: K, G, S, H 5. Ty\u00f6v\u00e4en tanssi-Kurko: Tulokset, V\u00e4liajat, Kartat: K, G, S, H 6. Himmeli-Kurko: Tulokset, V\u00e4liajat, Kartat: K, G, S, H [&hellip;]<\/p>\n","protected":false},"author":2,"featured_media":0,"parent":0,"menu_order":0,"comment_status":"closed","ping_status":"closed","template":"","meta":{"footnotes":""},"class_list":["post-11","page","type-page","status-publish","hentry"],"_links":{"self":[{"href":"https:\/\/vaajakoskentera.com\/kurkocup16\/wp-json\/wp\/v2\/pages\/11","targetHints":{"allow":["GET"]}}],"collection":[{"href":"https:\/\/vaajakoskentera.com\/kurkocup16\/wp-json\/wp\/v2\/pages"}],"about":[{"href":"https:\/\/vaajakoskentera.com\/kurkocup16\/wp-json\/wp\/v2\/types\/page"}],"author":[{"embeddable":true,"href":"https:\/\/vaajakoskentera.com\/kurkocup16\/wp-json\/wp\/v2\/users\/2"}],"replies":[{"embeddable":true,"href":"https:\/\/vaajakoskentera.com\/kurkocup16\/wp-json\/wp\/v2\/comments?post=11"}],"version-history":[{"count":58,"href":"https:\/\/vaajakoskentera.com\/kurkocup16\/wp-json\/wp\/v2\/pages\/11\/revisions"}],"predecessor-version":[{"id":879,"href":"https:\/\/vaajakoskentera.com\/kurkocup16\/wp-json\/wp\/v2\/pages\/11\/revisions\/879"}],"wp:attachment":[{"href":"https:\/\/vaajakoskentera.com\/kurkocup16\/wp-json\/wp\/v2\/media?parent=11"}],"curies":[{"name":"wp","href":"https:\/\/api.w.org\/{rel}","templated":true}]}}