{"id":7,"date":"2015-08-30T22:46:11","date_gmt":"2015-08-30T19:46:11","guid":{"rendered":"http:\/\/vaajakoskentera.com\/www-2\/?page_id=7"},"modified":"2016-12-14T11:25:11","modified_gmt":"2016-12-14T08:25:11","slug":"kurko-ohjelma-2016","status":"publish","type":"page","link":"https:\/\/vaajakoskentera.com\/kurkocup16\/kurko-ohjelma-2016\/","title":{"rendered":"Kurko-ohjelma 2016"},"content":{"rendered":"<p>&nbsp;<\/p>\n<p style=\"font-family: courier;text-align: left\">1.&nbsp; VK39 To 29.09.&nbsp; 20:00, XE4, <a href=\"http:\/\/kansalaisen.karttapaikka.fi\/kartanhaku\/osoitehaku.html?x=440529&amp;y=6937358&amp;srs=EPSG:3067&amp;text=Nakertaja-Kurko_opastus&amp;scale=8000&amp;action=link&amp;mode=&amp;lang=fi\" target=\"_blank\">Suolahti<\/a>, Nakertaja-Kurko<br \/>\n2.&nbsp; VK40 To 06.10.&nbsp; 19:30, Ter\u00e4, <a href=\"http:\/\/kartta.jkl.fi\/IMS\/?layers=Opaskartta&amp;cp=6897780,493440&amp;z=4&amp;title=Kurko%206.10.2016%20klo%2019%2C30\" target=\"_blank\">Kaaprolandia<\/a>, Er\u00e4-Kurko<br \/>\n3.&nbsp; VK41 To 13.10.&nbsp; 19:00, S-JKL, <a href=\"http:\/\/kansalaisen.karttapaikka.fi\/linkki?scale=40000&amp;text=Hein%C3%A4-Kurko+13.10.16&amp;srs=EPSG%3A3067&amp;y=6879668&amp;x=429235&amp;lang=fi\" target=\"_blank\">Heinosniemi<\/a>, Hein\u00e4-Kurko<br \/>\n4.&nbsp; VK42 To 20.10.&nbsp; 19:00, S-JKL, <a href=\"http:\/\/kansalaisen.karttapaikka.fi\/kartanhaku\/osoitehaku.html?x=424091&amp;y=6909146&amp;srs=EPSG:3067&amp;text=Rela-Kurkon+kilpailukeskus&amp;scale=4000&amp;action=link&amp;mode=&amp;lang=fi\">Suolij\u00e4rvi<\/a>, Rela-Kurko<br \/>\n5.&nbsp; VK43 To 27.10.&nbsp; 19:00, S-JKL, <a href=\"https:\/\/asiointi.maanmittauslaitos.fi\/karttapaikka\/?share=customMarker&amp;n=6902174&amp;e=436928&amp;title=Ty%C3%B6v%C3%A4en%20tanssikurko&amp;desc=KurkoCup%2027.10.2016&amp;zoom=10&amp;layers=%5B%7B%22id%22%3A2%2C%22opacity%22%3A100%7D%5D\" target=\"_blank\">Aittovuori<\/a>, Ty\u00f6v\u00e4en Tanssikurko<br \/>\n6.&nbsp; VK44 To 03.11.&nbsp; 18:00, S-JKL, <a href=\"http:\/\/kansalaisen.karttapaikka.fi\/linkki?scale=16000&amp;text=Himmeli-Kurko+3.11.16&amp;srs=EPSG%3A3067&amp;y=6892636&amp;x=433547&amp;lang=fi\" target=\"_blank\">Partastenm\u00e4et<\/a>, Himmeli-Kurko<br \/>\n7.&nbsp; VK45 To 10.11.&nbsp; 18:30, Suunnistuslukio, <a href=\"https:\/\/asiointi.maanmittauslaitos.fi\/karttapaikka\/?share=customMarker&amp;n=6922689&amp;e=469157&amp;title=HALU-Kurko%2010.11.2016%20klo%2018%3A30&amp;desc=&amp;zoom=10&amp;layers=%5B%7B%22id%22%3A2%2C%22opacity%22%3A100%7D%5D\" target=\"_blank\">Hankasalmi<\/a>, HALU-Kurko<br \/>\n8.&nbsp; VK46 To 17.11.&nbsp; 18:00, JRV, <a href=\"https:\/\/asiointi.maanmittauslaitos.fi\/karttapaikka\/?share=customMarker&amp;n=6863536&amp;e=414464&amp;title=Riutta-Kurko%2C%20opastuksen%20alkupiste&amp;desc=T%C3%A4st%C3%A4%20kohti%20suunnistusparatiisia!&amp;zoom=7&amp;layers=%5B%7B%22id%22%3A2%2C%22opacity%22%3A100%7D%5D\" target=\"_blank\">Juokslahti<\/a>, Riutta-Kurko<br \/>\n9.&nbsp; VK47 To 24.11.&nbsp; 18:00, ViPa,<a href=\"https:\/\/asiointi.maanmittauslaitos.fi\/karttapaikka\/?share=customMarker&amp;n=6929499&amp;e=449236&amp;title=Opastus%20alkaa&amp;desc=Opastus%20Kurkoparkkiin&amp;zoom=10&amp;layers=%5B%7B%22id%22%3A2%2C%22opacity%22%3A100%7D%2C%7B%22id%22%3A186%2C%22opacity%22%3A50%7D%5D\" target=\"_blank\"> Hietasyrj\u00e4<\/a>, ViPattaako-Kurko<br \/>\n10. VK48 To 01.12.&nbsp; 18:00, Ter\u00e4, <a href=\"https:\/\/asiointi.maanmittauslaitos.fi\/karttapaikka\/?share=customMarker&amp;n=6903486.5&amp;e=442455&amp;title=AIDS-kurko&amp;desc=Janakan%20koululla&amp;zoom=11&amp;layers=%5B%7B%22id%22%3A2%2C%22opacity%22%3A100%7D%5D\" target=\"_blank\">Janakka<\/a>, AIDS-Kurko<br \/>\n11. VK49 To 08.12.&nbsp; 18:30, IPR, <a href=\"https:\/\/asiointi.maanmittauslaitos.fi\/karttapaikka\/?share=customMarker&amp;n=6864589.2109624995&amp;e=448636.4502285288&amp;title=Selk%C3%A4kurko%20keskus&amp;desc=&amp;zoom=10&amp;layers=%5B%7B%22id%22%3A2%2C%22opacity%22%3A100%7D%5D\" target=\"_blank\">Sel\u00e4npohja<\/a>, Selk\u00e4-Kurko<br \/>\n12. VK50 To 15.12.&nbsp; 18:00, S-JKL, <a href=\"https:\/\/www.google.fi\/maps\/place\/62\u00b013'19.3%22N+25\u00b005'33.2%22E\/@62.222027,25.0903753,434m\/data=!3m2!1e3!4b1!4m5!3m4!1s0x0:0x0!8m2!3d62.222027!4d25.092564\" target=\"_blank\">Pet\u00e4j\u00e4vesi<\/a>, Tappi-Kurko<\/p>\n<p>Oikeudet muutoksiin pidet\u00e4\u00e4n loppuun asti ja viel\u00e4 j\u00e4lkik\u00e4teenkin!<\/p>\n","protected":false},"excerpt":{"rendered":"<p>&nbsp; 1.&nbsp; VK39 To 29.09.&nbsp; 20:00, XE4, Suolahti, Nakertaja-Kurko 2.&nbsp; VK40 To 06.10.&nbsp; 19:30, Ter\u00e4, Kaaprolandia, Er\u00e4-Kurko 3.&nbsp; VK41 To 13.10.&nbsp; 19:00, S-JKL, Heinosniemi, Hein\u00e4-Kurko 4.&nbsp; VK42 To 20.10.&nbsp; 19:00, S-JKL, Suolij\u00e4rvi, Rela-Kurko 5.&nbsp; VK43 To 27.10.&nbsp; 19:00, S-JKL, Aittovuori, Ty\u00f6v\u00e4en Tanssikurko 6.&nbsp; VK44 To 03.11.&nbsp; 18:00, S-JKL, Partastenm\u00e4et, Himmeli-Kurko 7.&nbsp; VK45 To 10.11.&nbsp; 18:30, [&hellip;]<\/p>\n","protected":false},"author":2,"featured_media":0,"parent":0,"menu_order":0,"comment_status":"closed","ping_status":"closed","template":"","meta":{"footnotes":""},"class_list":["post-7","page","type-page","status-publish","hentry"],"_links":{"self":[{"href":"https:\/\/vaajakoskentera.com\/kurkocup16\/wp-json\/wp\/v2\/pages\/7","targetHints":{"allow":["GET"]}}],"collection":[{"href":"https:\/\/vaajakoskentera.com\/kurkocup16\/wp-json\/wp\/v2\/pages"}],"about":[{"href":"https:\/\/vaajakoskentera.com\/kurkocup16\/wp-json\/wp\/v2\/types\/page"}],"author":[{"embeddable":true,"href":"https:\/\/vaajakoskentera.com\/kurkocup16\/wp-json\/wp\/v2\/users\/2"}],"replies":[{"embeddable":true,"href":"https:\/\/vaajakoskentera.com\/kurkocup16\/wp-json\/wp\/v2\/comments?post=7"}],"version-history":[{"count":50,"href":"https:\/\/vaajakoskentera.com\/kurkocup16\/wp-json\/wp\/v2\/pages\/7\/revisions"}],"predecessor-version":[{"id":863,"href":"https:\/\/vaajakoskentera.com\/kurkocup16\/wp-json\/wp\/v2\/pages\/7\/revisions\/863"}],"wp:attachment":[{"href":"https:\/\/vaajakoskentera.com\/kurkocup16\/wp-json\/wp\/v2\/media?parent=7"}],"curies":[{"name":"wp","href":"https:\/\/api.w.org\/{rel}","templated":true}]}}